{"id":1395,"date":"2025-05-31T18:56:40","date_gmt":"2025-05-31T18:56:40","guid":{"rendered":"https:\/\/idetoxprord.com\/?page_id=1395"},"modified":"2025-07-22T11:09:31","modified_gmt":"2025-07-22T11:09:31","slug":"misyon-vizyon","status":"publish","type":"page","link":"https:\/\/idetoxprord.com\/en\/misyon-vizyon\/","title":{"rendered":"Mission &amp; Vision"},"content":{"rendered":"<style>.kb-row-layout-wrap.wp-block-kadence-rowlayout.kb-row-layout-id1395_f9f2dd-2a{margin-top:0px;margin-bottom:0px;}.kb-row-layout-id1395_f9f2dd-2a > .kt-row-column-wrap{align-content:start;}:where(.kb-row-layout-id1395_f9f2dd-2a > .kt-row-column-wrap) > .wp-block-kadence-column{justify-content:start;}.kb-row-layout-id1395_f9f2dd-2a > .kt-row-column-wrap{column-gap:var(--global-kb-gap-none, 0rem );row-gap:var(--global-kb-gap-md, 2rem);max-width:var( --global-content-width, 1290px );padding-left:var(--global-content-edge-padding);padding-right:var(--global-content-edge-padding);padding-top:350px;padding-bottom:30px;grid-template-columns:minmax(0, 2fr) minmax(0, 1fr);}.kb-row-layout-id1395_f9f2dd-2a{background-image:url('https:\/\/idetoxprord.com\/wp-content\/uploads\/2025\/06\/a-detailed-close-up-of-a-womans-eye-with-green-iris-capturing-beauty-detail.-840810-scaled.jpg');background-size:cover;background-position:48% 56.00000000000001%;background-attachment:scroll;background-repeat:no-repeat;}.kb-row-layout-id1395_f9f2dd-2a > .kt-row-layout-overlay{opacity:0.85;}@media all and (max-width: 1024px){.kb-row-layout-id1395_f9f2dd-2a > .kt-row-column-wrap{padding-top:var(--global-kb-spacing-4xl, 8rem);padding-bottom:var(--global-kb-spacing-md, 2rem);grid-template-columns:minmax(0, 2fr) minmax(0, 1fr);}}@media all and (max-width: 767px){.kb-row-layout-id1395_f9f2dd-2a > .kt-row-column-wrap{grid-template-columns:minmax(0, 1fr);}}<\/style><div class=\"kb-row-layout-wrap kb-row-layout-id1395_f9f2dd-2a alignfull kt-row-has-bg wp-block-kadence-rowlayout\"><div class=\"kt-row-column-wrap kt-has-2-columns kt-row-layout-left-golden kt-tab-layout-inherit kt-mobile-layout-row kt-row-valign-top kb-theme-content-width\">\n<style>.kadence-column1395_e69756-c3 > .kt-inside-inner-col,.kadence-column1395_e69756-c3 > .kt-inside-inner-col:before{border-top-left-radius:0px;border-top-right-radius:0px;border-bottom-right-radius:0px;border-bottom-left-radius:0px;}.kadence-column1395_e69756-c3 > .kt-inside-inner-col{column-gap:var(--global-kb-gap-sm, 1rem);}.kadence-column1395_e69756-c3 > .kt-inside-inner-col{flex-direction:column;}.kadence-column1395_e69756-c3 > .kt-inside-inner-col > .aligncenter{width:100%;}.kadence-column1395_e69756-c3 > .kt-inside-inner-col:before{opacity:0.3;}.kadence-column1395_e69756-c3{position:relative;}@media all and (max-width: 1024px){.kadence-column1395_e69756-c3 > .kt-inside-inner-col{flex-direction:column;justify-content:center;}}@media all and (max-width: 767px){.kadence-column1395_e69756-c3 > .kt-inside-inner-col{flex-direction:column;justify-content:center;}}<\/style>\n<div class=\"wp-block-kadence-column kadence-column1395_e69756-c3 inner-column-1\"><div class=\"kt-inside-inner-col\"><style>.wp-block-kadence-advancedheading.kt-adv-heading1395_23f051-b2, .wp-block-kadence-advancedheading.kt-adv-heading1395_23f051-b2[data-kb-block=\"kb-adv-heading1395_23f051-b2\"]{font-size:var(--global-kb-font-size-xl, 3rem);line-height:1.1;font-style:normal;letter-spacing:-2px;}.wp-block-kadence-advancedheading.kt-adv-heading1395_23f051-b2 mark.kt-highlight, .wp-block-kadence-advancedheading.kt-adv-heading1395_23f051-b2[data-kb-block=\"kb-adv-heading1395_23f051-b2\"] mark.kt-highlight{font-style:normal;color:#f76a0c;-webkit-box-decoration-break:clone;box-decoration-break:clone;padding-top:0px;padding-right:0px;padding-bottom:0px;padding-left:0px;}.wp-block-kadence-advancedheading.kt-adv-heading1395_23f051-b2 img.kb-inline-image, .wp-block-kadence-advancedheading.kt-adv-heading1395_23f051-b2[data-kb-block=\"kb-adv-heading1395_23f051-b2\"] img.kb-inline-image{width:150px;vertical-align:baseline;}@media all and (max-width: 1024px){.wp-block-kadence-advancedheading.kt-adv-heading1395_23f051-b2, .wp-block-kadence-advancedheading.kt-adv-heading1395_23f051-b2[data-kb-block=\"kb-adv-heading1395_23f051-b2\"]{letter-spacing:-1px;font-size:var(--global-kb-font-size-xxl, 4rem);line-height:1.3;}}@media all and (max-width: 767px){.wp-block-kadence-advancedheading.kt-adv-heading1395_23f051-b2, .wp-block-kadence-advancedheading.kt-adv-heading1395_23f051-b2[data-kb-block=\"kb-adv-heading1395_23f051-b2\"]{font-size:45px;}}<\/style>\n<h1 class=\"kt-adv-heading1395_23f051-b2 wp-block-kadence-advancedheading has-theme-palette-9-color has-text-color\" data-kb-block=\"kb-adv-heading1395_23f051-b2\">Mission &amp; Vision<\/h1>\n<\/div><\/div>\n\n\n<style>.kadence-column1395_32f722-b2 > .kt-inside-inner-col,.kadence-column1395_32f722-b2 > .kt-inside-inner-col:before{border-top-left-radius:0px;border-top-right-radius:0px;border-bottom-right-radius:0px;border-bottom-left-radius:0px;}.kadence-column1395_32f722-b2 > .kt-inside-inner-col{column-gap:var(--global-kb-gap-sm, 1rem);}.kadence-column1395_32f722-b2 > .kt-inside-inner-col{flex-direction:column;}.kadence-column1395_32f722-b2 > .kt-inside-inner-col > .aligncenter{width:100%;}.kadence-column1395_32f722-b2 > .kt-inside-inner-col:before{opacity:0.3;}.kadence-column1395_32f722-b2{position:relative;}@media all and (max-width: 1024px){.kadence-column1395_32f722-b2 > .kt-inside-inner-col{flex-direction:column;justify-content:center;}}@media all and (max-width: 767px){.kadence-column1395_32f722-b2 > .kt-inside-inner-col{flex-direction:column;justify-content:center;}}<\/style>\n<div class=\"wp-block-kadence-column kadence-column1395_32f722-b2\"><div class=\"kt-inside-inner-col\"><\/div><\/div>\n\n<\/div><\/div>\n\n<style>.kb-row-layout-id1395_641be9-50 > .kt-row-column-wrap{align-content:center;}:where(.kb-row-layout-id1395_641be9-50 > .kt-row-column-wrap) > .wp-block-kadence-column{justify-content:center;}.kb-row-layout-id1395_641be9-50 > .kt-row-column-wrap{column-gap:var(--global-kb-gap-none, 0rem );row-gap:var(--global-kb-gap-md, 2rem);max-width:var( --global-content-width, 1290px );padding-left:var(--global-content-edge-padding);padding-right:var(--global-content-edge-padding);padding-top:var(--global-kb-spacing-xxl, 5rem);padding-bottom:var(--global-kb-spacing-lg, 3rem);grid-template-columns:repeat(2, minmax(0, 1fr));}.kb-row-layout-id1395_641be9-50 > .kt-row-layout-overlay{opacity:0.30;}@media all and (max-width: 1024px){.kb-row-layout-id1395_641be9-50 > .kt-row-column-wrap{grid-template-columns:minmax(0, 1fr);}}@media all and (max-width: 767px){.kb-row-layout-id1395_641be9-50 > .kt-row-column-wrap{grid-template-columns:minmax(0, 1fr);}}<\/style><div class=\"kb-row-layout-wrap kb-row-layout-id1395_641be9-50 alignfull has-theme-palette9-background-color kt-row-has-bg wp-block-kadence-rowlayout\"><div class=\"kt-row-column-wrap kt-has-2-columns kt-row-layout-equal kt-tab-layout-row kt-mobile-layout-row kt-row-valign-middle kb-theme-content-width\">\n<style>.kadence-column1395_d023d8-14 > .kt-inside-inner-col,.kadence-column1395_d023d8-14 > .kt-inside-inner-col:before{border-top-left-radius:0px;border-top-right-radius:0px;border-bottom-right-radius:0px;border-bottom-left-radius:0px;}.kadence-column1395_d023d8-14 > .kt-inside-inner-col{column-gap:var(--global-kb-gap-sm, 1rem);}.kadence-column1395_d023d8-14 > .kt-inside-inner-col{flex-direction:column;}.kadence-column1395_d023d8-14 > .kt-inside-inner-col > .aligncenter{width:100%;}.kadence-column1395_d023d8-14 > .kt-inside-inner-col:before{opacity:0.3;}.kadence-column1395_d023d8-14{position:relative;}.kadence-column1395_d023d8-14, .kt-inside-inner-col > .kadence-column1395_d023d8-14:not(.specificity){margin-right:var(--global-kb-spacing-xxl, 5rem);}@media all and (max-width: 1024px){.kadence-column1395_d023d8-14 > .kt-inside-inner-col{padding-right:var(--global-kb-spacing-3xl, 6.5rem);padding-left:var(--global-kb-spacing-3xl, 6.5rem);flex-direction:column;justify-content:center;}}@media all and (max-width: 1024px){.kadence-column1395_d023d8-14, .kt-inside-inner-col > .kadence-column1395_d023d8-14:not(.specificity){margin-right:0px;margin-bottom:var(--global-kb-spacing-md, 2rem);}}@media all and (max-width: 767px){.kadence-column1395_d023d8-14 > .kt-inside-inner-col{padding-right:var(--global-kb-spacing-xxs, 0.5rem);padding-left:var(--global-kb-spacing-xxs, 0.5rem);flex-direction:column;justify-content:center;}}<\/style>\n<div class=\"wp-block-kadence-column kadence-column1395_d023d8-14 inner-column-1\"><div class=\"kt-inside-inner-col\"><style>.wp-block-kadence-advancedheading.kt-adv-heading1395_671f10-d8, .wp-block-kadence-advancedheading.kt-adv-heading1395_671f10-d8[data-kb-block=\"kb-adv-heading1395_671f10-d8\"]{margin-bottom:0px;line-height:1.6;font-style:normal;}.wp-block-kadence-advancedheading.kt-adv-heading1395_671f10-d8 mark.kt-highlight, .wp-block-kadence-advancedheading.kt-adv-heading1395_671f10-d8[data-kb-block=\"kb-adv-heading1395_671f10-d8\"] mark.kt-highlight{font-style:normal;color:#f76a0c;-webkit-box-decoration-break:clone;box-decoration-break:clone;padding-top:0px;padding-right:0px;padding-bottom:0px;padding-left:0px;}.wp-block-kadence-advancedheading.kt-adv-heading1395_671f10-d8 img.kb-inline-image, .wp-block-kadence-advancedheading.kt-adv-heading1395_671f10-d8[data-kb-block=\"kb-adv-heading1395_671f10-d8\"] img.kb-inline-image{width:150px;vertical-align:baseline;}<\/style>\n<p class=\"kt-adv-heading1395_671f10-d8 wp-block-kadence-advancedheading has-theme-palette-4-color has-text-color\" data-kb-block=\"kb-adv-heading1395_671f10-d8\"><br><\/p>\n\n\n\n<p class=\"has-theme-palette-2-color has-text-color has-link-color has-large-font-size wp-elements-9da634642436313737b275907ebdfc5b\"><strong>Mission<\/strong><\/p>\n\n\n\n<p>To provide toxicological risk assessment services to companies operating in areas where toxicology plays an important role, adhering to scientific accuracy and ethical values, in accordance with national and international regulations.<br>To contribute to the development of safe and effective products by analyzing the effects of products on human health and the environment in the most accurate way.<\/p>\n<\/div><\/div>\n\n\n<style>.kadence-column1395_0c3076-9d > .kt-inside-inner-col,.kadence-column1395_0c3076-9d > .kt-inside-inner-col:before{border-top-left-radius:0px;border-top-right-radius:0px;border-bottom-right-radius:0px;border-bottom-left-radius:0px;}.kadence-column1395_0c3076-9d > .kt-inside-inner-col{column-gap:var(--global-kb-gap-sm, 1rem);}.kadence-column1395_0c3076-9d > .kt-inside-inner-col{flex-direction:column;}.kadence-column1395_0c3076-9d > .kt-inside-inner-col > .aligncenter{width:100%;}.kadence-column1395_0c3076-9d > .kt-inside-inner-col:before{opacity:0.3;}.kadence-column1395_0c3076-9d{position:relative;}.kadence-column1395_0c3076-9d, .kt-inside-inner-col > .kadence-column1395_0c3076-9d:not(.specificity){margin-top:0px;margin-right:0px;margin-bottom:0px;margin-left:0px;}@media all and (max-width: 1024px){.kadence-column1395_0c3076-9d > .kt-inside-inner-col{padding-right:var(--global-kb-spacing-xs, 1rem);padding-left:var(--global-kb-spacing-xs, 1rem);flex-direction:column;justify-content:center;}}@media all and (max-width: 767px){.kadence-column1395_0c3076-9d > .kt-inside-inner-col{padding-right:var(--global-kb-spacing-xxs, 0.5rem);padding-left:var(--global-kb-spacing-xxs, 0.5rem);flex-direction:column;justify-content:center;}}<\/style>\n<div class=\"wp-block-kadence-column kadence-column1395_0c3076-9d inner-column-2\"><div class=\"kt-inside-inner-col\"><style>.kb-image1395_ea5b07-c5.kb-image-is-ratio-size, .kb-image1395_ea5b07-c5 .kb-image-is-ratio-size{max-width:259px;width:100%;}.wp-block-kadence-column > .kt-inside-inner-col > .kb-image1395_ea5b07-c5.kb-image-is-ratio-size, .wp-block-kadence-column > .kt-inside-inner-col > .kb-image1395_ea5b07-c5 .kb-image-is-ratio-size{align-self:unset;}.kb-image1395_ea5b07-c5{max-width:259px;}.image-is-svg.kb-image1395_ea5b07-c5{-webkit-flex:0 1 100%;flex:0 1 100%;}.image-is-svg.kb-image1395_ea5b07-c5 img{width:100%;}.kb-image1395_ea5b07-c5 .kb-image-has-overlay:after{opacity:0.3;border-top-left-radius:50px;border-top-right-radius:50px;border-bottom-right-radius:50px;border-bottom-left-radius:50px;}.kb-image1395_ea5b07-c5 img.kb-img, .kb-image1395_ea5b07-c5 .kb-img img{border-top-left-radius:50px;border-top-right-radius:50px;border-bottom-right-radius:50px;border-bottom-left-radius:50px;box-shadow:0px 0px 14px 0px rgba(0, 0, 0, 0.2);filter:drop-shadow(0px 0px 14px rgba(0, 0, 0, 0.2));}<\/style>\n<figure class=\"wp-block-kadence-image kb-image1395_ea5b07-c5 size-large kb-image-is-ratio-size\"><div class=\"kb-is-ratio-image kb-image-ratio-port34\"><img loading=\"lazy\" decoding=\"async\" width=\"1024\" height=\"768\" src=\"https:\/\/idetoxprord.com\/wp-content\/uploads\/2025\/05\/a-diverse-group-of-professionals-engage-in-a-collaborative-team-meeting-in-a-stylish-office-environment.-7688173-1024x768.jpg\" alt=\"A diverse group of professionals engage in a collaborative team meeting in a stylish office environment.\" class=\"kb-img wp-image-1402\" srcset=\"https:\/\/idetoxprord.com\/wp-content\/uploads\/2025\/05\/a-diverse-group-of-professionals-engage-in-a-collaborative-team-meeting-in-a-stylish-office-environment.-7688173-1024x768.jpg 1024w, https:\/\/idetoxprord.com\/wp-content\/uploads\/2025\/05\/a-diverse-group-of-professionals-engage-in-a-collaborative-team-meeting-in-a-stylish-office-environment.-7688173-300x225.jpg 300w, https:\/\/idetoxprord.com\/wp-content\/uploads\/2025\/05\/a-diverse-group-of-professionals-engage-in-a-collaborative-team-meeting-in-a-stylish-office-environment.-7688173-768x576.jpg 768w, https:\/\/idetoxprord.com\/wp-content\/uploads\/2025\/05\/a-diverse-group-of-professionals-engage-in-a-collaborative-team-meeting-in-a-stylish-office-environment.-7688173-1536x1152.jpg 1536w, https:\/\/idetoxprord.com\/wp-content\/uploads\/2025\/05\/a-diverse-group-of-professionals-engage-in-a-collaborative-team-meeting-in-a-stylish-office-environment.-7688173-2048x1536.jpg 2048w\" sizes=\"auto, (max-width: 1024px) 100vw, 1024px\" \/><\/div><\/figure>\n<\/div><\/div>\n\n<\/div><\/div>\n\n<style>.kb-row-layout-id1395_7d47f0-a4 > .kt-row-column-wrap{align-content:center;}:where(.kb-row-layout-id1395_7d47f0-a4 > .kt-row-column-wrap) > .wp-block-kadence-column{justify-content:center;}.kb-row-layout-id1395_7d47f0-a4 > .kt-row-column-wrap{column-gap:var(--global-kb-gap-none, 0rem );row-gap:var(--global-kb-gap-md, 2rem);max-width:var( --global-content-width, 1290px );padding-left:var(--global-content-edge-padding);padding-right:var(--global-content-edge-padding);padding-top:var(--global-kb-spacing-lg, 3rem);padding-bottom:var(--global-kb-spacing-xxl, 5rem);grid-template-columns:repeat(2, minmax(0, 1fr));}.kb-row-layout-id1395_7d47f0-a4 > .kt-row-layout-overlay{opacity:0.30;}@media all and (max-width: 1024px){.kb-row-layout-id1395_7d47f0-a4 > .kt-row-column-wrap{grid-template-columns:minmax(0, 1fr);}}@media all and (max-width: 767px){.kb-row-layout-id1395_7d47f0-a4 > .kt-row-column-wrap{grid-template-columns:minmax(0, 1fr);}}<\/style><div class=\"kb-row-layout-wrap kb-row-layout-id1395_7d47f0-a4 alignfull has-theme-palette9-background-color kt-row-has-bg wp-block-kadence-rowlayout\"><div class=\"kt-row-column-wrap kt-has-2-columns kt-row-layout-equal kt-tab-layout-row kt-mobile-layout-row kt-row-valign-middle kb-theme-content-width\">\n<style>.kadence-column1395_3fcb59-4c > .kt-inside-inner-col,.kadence-column1395_3fcb59-4c > .kt-inside-inner-col:before{border-top-left-radius:0px;border-top-right-radius:0px;border-bottom-right-radius:0px;border-bottom-left-radius:0px;}.kadence-column1395_3fcb59-4c > .kt-inside-inner-col{column-gap:var(--global-kb-gap-sm, 1rem);}.kadence-column1395_3fcb59-4c > .kt-inside-inner-col{flex-direction:column;}.kadence-column1395_3fcb59-4c > .kt-inside-inner-col > .aligncenter{width:100%;}.kadence-column1395_3fcb59-4c > .kt-inside-inner-col:before{opacity:0.3;}.kadence-column1395_3fcb59-4c{position:relative;}.kadence-column1395_3fcb59-4c, .kt-inside-inner-col > .kadence-column1395_3fcb59-4c:not(.specificity){margin-right:var(--global-kb-spacing-xxl, 5rem);}@media all and (max-width: 1024px){.kadence-column1395_3fcb59-4c > .kt-inside-inner-col{padding-right:var(--global-kb-spacing-3xl, 6.5rem);padding-left:var(--global-kb-spacing-3xl, 6.5rem);flex-direction:column;justify-content:center;}}@media all and (max-width: 1024px){.kadence-column1395_3fcb59-4c, .kt-inside-inner-col > .kadence-column1395_3fcb59-4c:not(.specificity){margin-right:0px;margin-bottom:var(--global-kb-spacing-md, 2rem);}}@media all and (max-width: 767px){.kadence-column1395_3fcb59-4c > .kt-inside-inner-col{padding-right:var(--global-kb-spacing-xxs, 0.5rem);padding-left:var(--global-kb-spacing-xxs, 0.5rem);flex-direction:column;justify-content:center;}}<\/style>\n<div class=\"wp-block-kadence-column kadence-column1395_3fcb59-4c inner-column-1\"><div class=\"kt-inside-inner-col\">\n<p class=\"has-theme-palette-2-color has-text-color has-link-color has-large-font-size wp-elements-2e16c8ad67b9a9bcaae191c88c7e77e4\"><strong>Vision<\/strong><\/p>\n\n\n\n<p>To be a leading consultancy firm that stands out with its scientific reliability in the field of toxicology and risk assessment, offers innovative solutions and is recognized as an international reference.<br>To be recognized as a solution partner that always provides the most up-to-date and accurate information to our customers by quickly adapting to constantly evolving regulations.<\/p>\n<\/div><\/div>\n\n\n<style>.kadence-column1395_37c9ba-9a > .kt-inside-inner-col,.kadence-column1395_37c9ba-9a > .kt-inside-inner-col:before{border-top-left-radius:0px;border-top-right-radius:0px;border-bottom-right-radius:0px;border-bottom-left-radius:0px;}.kadence-column1395_37c9ba-9a > .kt-inside-inner-col{column-gap:var(--global-kb-gap-sm, 1rem);}.kadence-column1395_37c9ba-9a > .kt-inside-inner-col{flex-direction:column;}.kadence-column1395_37c9ba-9a > .kt-inside-inner-col > .aligncenter{width:100%;}.kadence-column1395_37c9ba-9a > .kt-inside-inner-col:before{opacity:0.3;}.kadence-column1395_37c9ba-9a{position:relative;}.kadence-column1395_37c9ba-9a, .kt-inside-inner-col > .kadence-column1395_37c9ba-9a:not(.specificity){margin-top:0px;margin-right:0px;margin-bottom:0px;margin-left:0px;}@media all and (max-width: 1024px){.kadence-column1395_37c9ba-9a > .kt-inside-inner-col{padding-right:var(--global-kb-spacing-xs, 1rem);padding-left:var(--global-kb-spacing-xs, 1rem);flex-direction:column;justify-content:center;}}@media all and (max-width: 767px){.kadence-column1395_37c9ba-9a > .kt-inside-inner-col{padding-right:var(--global-kb-spacing-xxs, 0.5rem);padding-left:var(--global-kb-spacing-xxs, 0.5rem);flex-direction:column;justify-content:center;}}<\/style>\n<div class=\"wp-block-kadence-column kadence-column1395_37c9ba-9a inner-column-2\"><div class=\"kt-inside-inner-col\"><style>.kb-image1395_815e88-43.kb-image-is-ratio-size, .kb-image1395_815e88-43 .kb-image-is-ratio-size{max-width:236px;width:100%;}.wp-block-kadence-column > .kt-inside-inner-col > .kb-image1395_815e88-43.kb-image-is-ratio-size, .wp-block-kadence-column > .kt-inside-inner-col > .kb-image1395_815e88-43 .kb-image-is-ratio-size{align-self:unset;}.kb-image1395_815e88-43{max-width:236px;}.image-is-svg.kb-image1395_815e88-43{-webkit-flex:0 1 100%;flex:0 1 100%;}.image-is-svg.kb-image1395_815e88-43 img{width:100%;}.kb-image1395_815e88-43 .kb-image-has-overlay:after{opacity:0.3;border-top-left-radius:50px;border-top-right-radius:50px;border-bottom-right-radius:50px;border-bottom-left-radius:50px;}.kb-image1395_815e88-43 img.kb-img, .kb-image1395_815e88-43 .kb-img img{border-top-left-radius:50px;border-top-right-radius:50px;border-bottom-right-radius:50px;border-bottom-left-radius:50px;box-shadow:0px 0px 14px 0px rgba(0, 0, 0, 0.2);filter:drop-shadow(0px 0px 14px rgba(0, 0, 0, 0.2));}<\/style>\n<figure class=\"wp-block-kadence-image kb-image1395_815e88-43 size-large kb-image-is-ratio-size\"><div class=\"kb-is-ratio-image kb-image-ratio-port34\"><img loading=\"lazy\" decoding=\"async\" width=\"1024\" height=\"683\" src=\"https:\/\/idetoxprord.com\/wp-content\/uploads\/2025\/05\/blonde-woman-in-a-blazer-working-on-a-laptop-in-a-modern-office-with-documents.-5717069-1024x683.jpg\" alt=\"Blonde woman in a blazer working on a laptop in a modern office with documents.\" class=\"kb-img wp-image-1403\" srcset=\"https:\/\/idetoxprord.com\/wp-content\/uploads\/2025\/05\/blonde-woman-in-a-blazer-working-on-a-laptop-in-a-modern-office-with-documents.-5717069-1024x683.jpg 1024w, https:\/\/idetoxprord.com\/wp-content\/uploads\/2025\/05\/blonde-woman-in-a-blazer-working-on-a-laptop-in-a-modern-office-with-documents.-5717069-300x200.jpg 300w, https:\/\/idetoxprord.com\/wp-content\/uploads\/2025\/05\/blonde-woman-in-a-blazer-working-on-a-laptop-in-a-modern-office-with-documents.-5717069-768x512.jpg 768w, https:\/\/idetoxprord.com\/wp-content\/uploads\/2025\/05\/blonde-woman-in-a-blazer-working-on-a-laptop-in-a-modern-office-with-documents.-5717069-1536x1024.jpg 1536w, https:\/\/idetoxprord.com\/wp-content\/uploads\/2025\/05\/blonde-woman-in-a-blazer-working-on-a-laptop-in-a-modern-office-with-documents.-5717069-2048x1365.jpg 2048w\" sizes=\"auto, (max-width: 1024px) 100vw, 1024px\" \/><\/div><\/figure>\n<\/div><\/div>\n\n<\/div><\/div>\n\n<style>.kb-row-layout-id1395_b76e22-13 > .kt-row-column-wrap{align-content:start;}:where(.kb-row-layout-id1395_b76e22-13 > .kt-row-column-wrap) > .wp-block-kadence-column{justify-content:start;}.kb-row-layout-id1395_b76e22-13 > .kt-row-column-wrap{column-gap:var(--global-kb-gap-md, 2rem);row-gap:var(--global-kb-gap-md, 2rem);max-width:var( --global-content-width, 1290px );padding-left:var(--global-content-edge-padding);padding-right:var(--global-content-edge-padding);padding-top:var(--global-kb-spacing-sm, 1.5rem);padding-bottom:var(--global-kb-spacing-sm, 1.5rem);grid-template-columns:minmax(0, 1fr);}.kb-row-layout-id1395_b76e22-13 > .kt-row-layout-overlay{opacity:0.30;}@media all and (max-width: 1024px){.kb-row-layout-id1395_b76e22-13 > .kt-row-column-wrap{grid-template-columns:minmax(0, 1fr);}}@media all and (max-width: 767px){.kb-row-layout-id1395_b76e22-13 > .kt-row-column-wrap{grid-template-columns:minmax(0, 1fr);}}<\/style><div class=\"kb-row-layout-wrap kb-row-layout-id1395_b76e22-13 alignfull has-theme-palette9-background-color kt-row-has-bg wp-block-kadence-rowlayout\"><div class=\"kt-row-column-wrap kt-has-1-columns kt-row-layout-equal kt-tab-layout-inherit kt-mobile-layout-row kt-row-valign-top kb-theme-content-width\">\n<style>.kadence-column1395_cd564c-28 > .kt-inside-inner-col,.kadence-column1395_cd564c-28 > .kt-inside-inner-col:before{border-top-left-radius:0px;border-top-right-radius:0px;border-bottom-right-radius:0px;border-bottom-left-radius:0px;}.kadence-column1395_cd564c-28 > .kt-inside-inner-col{column-gap:var(--global-kb-gap-sm, 1rem);}.kadence-column1395_cd564c-28 > .kt-inside-inner-col{flex-direction:column;}.kadence-column1395_cd564c-28 > .kt-inside-inner-col > .aligncenter{width:100%;}.kadence-column1395_cd564c-28 > .kt-inside-inner-col:before{opacity:0.3;}.kadence-column1395_cd564c-28{position:relative;}@media all and (max-width: 1024px){.kadence-column1395_cd564c-28 > .kt-inside-inner-col{flex-direction:column;justify-content:center;}}@media all and (max-width: 767px){.kadence-column1395_cd564c-28 > .kt-inside-inner-col{flex-direction:column;justify-content:center;}}<\/style>\n<div class=\"wp-block-kadence-column kadence-column1395_cd564c-28 inner-column-1\"><div class=\"kt-inside-inner-col\"><\/div><\/div>\n\n<\/div><\/div>\n\n\n<p><\/p>","protected":false},"excerpt":{"rendered":"<p>Misyon &amp; Vizyon Misyon Toksikolojinin \u00f6nemli rol oynad\u0131\u011f\u0131 alanlarda faaliyet g\u00f6steren firmalara, bilimsel do\u011fruluk ve etik de\u011ferlere ba\u011fl\u0131 kalarak, ulusal ve uluslararas\u0131 reg\u00fclasyonlara uygun toksikolojik risk de\u011ferlendirme hizmetleri sunmakt\u0131r.\u00dcr\u00fcnlerin insan sa\u011fl\u0131\u011f\u0131na ve \u00e7evreye olan etkilerini en do\u011fru \u015fekilde analiz ederek, g\u00fcvenli ve etkili \u00fcr\u00fcnlerin geli\u015ftirilmesine katk\u0131 sa\u011flamakt\u0131r. Vizyon Toksikoloji ve risk de\u011ferlendirme alan\u0131nda bilimsel g\u00fcvenilirli\u011fiyle&#8230;<\/p>","protected":false},"author":1,"featured_media":0,"parent":0,"menu_order":0,"comment_status":"closed","ping_status":"closed","template":"","meta":{"_kadence_starter_templates_imported_post":false,"_kad_post_transparent":"","_kad_post_title":"","_kad_post_layout":"","_kad_post_sidebar_id":"","_kad_post_content_style":"","_kad_post_vertical_padding":"","_kad_post_feature":"","_kad_post_feature_position":"","_kad_post_header":false,"_kad_post_footer":false,"footnotes":""},"class_list":["post-1395","page","type-page","status-publish","hentry"],"aioseo_notices":[],"_links":{"self":[{"href":"https:\/\/idetoxprord.com\/en\/wp-json\/wp\/v2\/pages\/1395","targetHints":{"allow":["GET"]}}],"collection":[{"href":"https:\/\/idetoxprord.com\/en\/wp-json\/wp\/v2\/pages"}],"about":[{"href":"https:\/\/idetoxprord.com\/en\/wp-json\/wp\/v2\/types\/page"}],"author":[{"embeddable":true,"href":"https:\/\/idetoxprord.com\/en\/wp-json\/wp\/v2\/users\/1"}],"replies":[{"embeddable":true,"href":"https:\/\/idetoxprord.com\/en\/wp-json\/wp\/v2\/comments?post=1395"}],"version-history":[{"count":8,"href":"https:\/\/idetoxprord.com\/en\/wp-json\/wp\/v2\/pages\/1395\/revisions"}],"predecessor-version":[{"id":1855,"href":"https:\/\/idetoxprord.com\/en\/wp-json\/wp\/v2\/pages\/1395\/revisions\/1855"}],"wp:attachment":[{"href":"https:\/\/idetoxprord.com\/en\/wp-json\/wp\/v2\/media?parent=1395"}],"curies":[{"name":"wp","href":"https:\/\/api.w.org\/{rel}","templated":true}]}}